{"id":1355,"date":"2020-06-18T06:18:28","date_gmt":"2020-06-18T06:18:28","guid":{"rendered":"https:\/\/dev.artemsemkin.com\/rhye\/wp\/?page_id=1355"},"modified":"2025-09-27T22:15:58","modified_gmt":"2025-09-27T20:15:58","slug":"slider-1-distortion-h","status":"publish","type":"page","link":"https:\/\/lux-lingua.com\/en\/","title":{"rendered":"Home"},"content":{"rendered":"<div data-elementor-type=\"wp-page\" data-elementor-id=\"1355\" class=\"elementor elementor-1355\">\n\t\t\t\t\t\t<section class=\"elementor-section elementor-top-section elementor-element elementor-element-d1e1f1d elementor-section-full_width bg-dark-1 arts-elementor-theme-light elementor-section-height-default elementor-section-height-default\" data-id=\"d1e1f1d\" data-element_type=\"section\" data-e-type=\"section\" data-settings=\"{&quot;theme_section_color&quot;:&quot;bg-dark-1&quot;,&quot;theme_section_main_theme_text&quot;:&quot;arts-elementor-theme-light&quot;}\">\n\t\t\t\t\t\t<div class=\"elementor-container elementor-column-gap-no\">\n\t\t\t\t\t<div class=\"elementor-column elementor-col-100 elementor-top-column elementor-element elementor-element-b4dfc68\" data-id=\"b4dfc68\" data-element_type=\"column\" data-e-type=\"column\">\n\t\t\t<div class=\"elementor-widget-wrap elementor-element-populated\">\n\t\t\t\t\t\t<div class=\"elementor-element elementor-element-a4fe38e elementor-widget elementor-widget-rhye-widget-portfolio-fullscreen-slider\" data-id=\"a4fe38e\" data-element_type=\"widget\" data-e-type=\"widget\" data-widget_type=\"rhye-widget-portfolio-fullscreen-slider.default\">\n\t\t\t\t<div class=\"elementor-widget-container\">\n\t\t\t\t\t\n\t\t\t\t\t\t\t\t<div class=\"section section-fullheight section-projects section-projects-slider overflow text-center\" data-arts-os-animation=\"true\">\n\t\t\t\t<div class=\"section-fullheight__inner section-fullheight__inner_mobile\">\n\t\t\t\t\t<div class=\"slider slider-fullscreen-projects js-slider-fullscreen-projects js-slider\">\n\t\t\t\t\t\t<!-- slider CONTENT -->\n\t\t\t\t\t\t<div class=\"slider-fullscreen-projects__content swiper swiper-container js-slider-fullscreen-projects__content pointer-events-none\">\n\t\t\t\t\t\t\t<div class=\"swiper-wrapper\">\n\t\t\t\t\t\t\t\t\t\t\t\t\t\t\t\t\t\t\t\t\t\t\t\t\t\t<div class=\"swiper-slide\">\n\t\t\t\t\t\t\t\t\t\t\t\t\t\t\t\t\t\t\t\t\t\t\t\t\t\t\t\t\t\t\t\t\t<div  class=\"slider__subheading mb-1 subheading split-text js-split-text\" data-split-text-type=\"lines, words, chars\" data-split-text-set=\"chars\"><\/div>\n\t\t\t\t\t\t\t\t\t\t\t\t\t\t\t\t\t\t\t\t\t\t<h2  class=\"slider__heading h1 split-text js-split-text\" data-split-text-type=\"lines, words, chars\" data-split-text-set=\"chars\">Our Manifesto<\/h2>\n\t\t\t\t\t\t\t\t\t\t\t\t\t\t\t\t\t\t\t\t\t\t\t\t\t\t\t\t\t\t\t\t\t\t<div class=\"slider__wrapper-button mt-2 pb-1 pointer-events-auto\">\n\t\t\t\t\t\t\t\t\t\t\t\t\t\t\t\t\t\t\t\t\t\t\t\t\t\t<a class=\"button button_bordered bg-white\" data-hover=\"Laissez-vous inspirer\" target=\"_blank\" href=\"https:\/\/lux-lingua.com\/en\/notre-manifeste\/\">\n\t\t\t\t\t\t\t\t\t\t\t\t\t\t<span class=\"button__label-hover\">Discover<\/span>\n\t\t\t\t\t\t\t\t\t\t\t\t\t<\/a>\n\t\t\t\t\t\t\t\t\t\t\t\t<\/div>\n\t\t\t\t\t\t\t\t\t\t\t\t\t\t\t\t\t\t\t\t\t\t\t\t\t\t\t\t\t\t\t\t\t\t\t\t\t\t\t\t<\/div>\n\t\t\t\t\t\t\t\t\t\t\t\t\t\t\t\t\t\t\t\t\t\t\t\t\t\t<div class=\"swiper-slide\">\n\t\t\t\t\t\t\t\t\t\t\t\t\t\t\t\t\t\t\t\t\t\t\t\t\t\t\t\t\t\t\t\t\t<div  class=\"slider__subheading mb-1 subheading split-text js-split-text\" data-split-text-type=\"lines, words, chars\" data-split-text-set=\"chars\">Our creations<\/div>\n\t\t\t\t\t\t\t\t\t\t\t\t\t\t\t\t\t\t\t\t\t\t<h2  class=\"slider__heading h1 split-text js-split-text\" data-split-text-type=\"lines, words, chars\" data-split-text-set=\"chars\">The (He)Art<\/h2>\n\t\t\t\t\t\t\t\t\t\t\t\t\t\t\t\t\t\t\t\t\t\t\t\t\t\t\t\t\t\t\t\t\t\t<div class=\"slider__wrapper-button mt-2 pb-1 pointer-events-auto\">\n\t\t\t\t\t\t\t\t\t\t\t\t\t\t\t\t\t\t\t\t\t\t\t\t\t\t<a class=\"button button_bordered bg-white\" data-hover=\"Laissez-vous inspirer\" target=\"_blank _blank\" href=\"https:\/\/lux-lingua.com\/en\/art-of-storytelling\/\">\n\t\t\t\t\t\t\t\t\t\t\t\t\t\t<span class=\"button__label-hover\">Discover<\/span>\n\t\t\t\t\t\t\t\t\t\t\t\t\t<\/a>\n\t\t\t\t\t\t\t\t\t\t\t\t<\/div>\n\t\t\t\t\t\t\t\t\t\t\t\t\t\t\t\t\t\t\t\t\t\t\t\t\t\t\t\t\t\t\t\t\t\t\t\t\t\t\t\t<\/div>\n\t\t\t\t\t\t\t\t\t\t\t\t\t\t\t\t\t\t\t\t\t\t\t\t\t\t<div class=\"swiper-slide\">\n\t\t\t\t\t\t\t\t\t\t\t\t\t\t\t\t\t\t\t\t\t\t\t\t\t\t\t\t\t\t\t\t\t<div  class=\"slider__subheading mb-1 subheading split-text js-split-text\" data-split-text-type=\"lines, words, chars\" data-split-text-set=\"chars\">Our immersive experiences<\/div>\n\t\t\t\t\t\t\t\t\t\t\t\t\t\t\t\t\t\t\t\t\t\t<h2  class=\"slider__heading h1 split-text js-split-text\" data-split-text-type=\"lines, words, chars\" data-split-text-set=\"chars\">and Science<\/h2>\n\t\t\t\t\t\t\t\t\t\t\t\t\t\t\t\t\t\t\t\t\t\t\t\t\t\t\t\t\t\t\t\t\t\t<div class=\"slider__wrapper-button mt-2 pb-1 pointer-events-auto\">\n\t\t\t\t\t\t\t\t\t\t\t\t\t\t\t\t\t\t\t\t\t\t\t\t\t\t<a class=\"button button_bordered bg-white\" data-hover=\"Laissez-vous inspirer\" target=\"_blank _blank _blank\" href=\"https:\/\/lux-lingua.com\/en\/portfolio\/science-of-storytelling\/\">\n\t\t\t\t\t\t\t\t\t\t\t\t\t\t<span class=\"button__label-hover\">Discover<\/span>\n\t\t\t\t\t\t\t\t\t\t\t\t\t<\/a>\n\t\t\t\t\t\t\t\t\t\t\t\t<\/div>\n\t\t\t\t\t\t\t\t\t\t\t\t\t\t\t\t\t\t\t\t\t\t\t\t\t\t\t\t\t\t\t\t\t\t\t\t\t\t\t\t<\/div>\n\t\t\t\t\t\t\t\t\t\t\t\t\t\t\t\t\t\t\t\t\t\t\t\t\t\t<div class=\"swiper-slide\">\n\t\t\t\t\t\t\t\t\t\t\t\t\t\t\t\t\t\t\t\t\t\t\t\t\t\t\t\t\t\t\t\t\t<div  class=\"slider__subheading mb-1 subheading split-text js-split-text\" data-split-text-type=\"lines, words, chars\" data-split-text-set=\"chars\">Our international storytelling services<\/div>\n\t\t\t\t\t\t\t\t\t\t\t\t\t\t\t\t\t\t\t\t\t\t<h2  class=\"slider__heading h1 split-text js-split-text\" data-split-text-type=\"lines, words, chars\" data-split-text-set=\"chars\">of Storytelling<\/h2>\n\t\t\t\t\t\t\t\t\t\t\t\t\t\t\t\t\t\t\t\t\t\t\t\t\t\t\t\t\t\t\t\t\t\t<div class=\"slider__wrapper-button mt-2 pb-1 pointer-events-auto\">\n\t\t\t\t\t\t\t\t\t\t\t\t\t\t\t\t\t\t\t\t\t\t\t\t\t\t<a class=\"button button_bordered bg-white\" data-hover=\"Laissez-vous inspirer\" target=\"_blank _blank _blank _blank\" href=\"https:\/\/lux-lingua.com\/en\/services\/storytelling-international\/\">\n\t\t\t\t\t\t\t\t\t\t\t\t\t\t<span class=\"button__label-hover\">Discover<\/span>\n\t\t\t\t\t\t\t\t\t\t\t\t\t<\/a>\n\t\t\t\t\t\t\t\t\t\t\t\t<\/div>\n\t\t\t\t\t\t\t\t\t\t\t\t\t\t\t\t\t\t\t\t\t\t\t\t\t\t\t\t\t\t\t\t\t\t\t\t\t\t\t\t<\/div>\n\t\t\t\t\t\t\t\t\t\t\t\t\t\t\t<\/div>\n\t\t\t\t\t\t<\/div>\n\t\t\t\t\t\t<!-- - slider CONTENT -->\n\n\t\t\t\t\t\t<!-- slider IMAGES -->\n\t\t\t\t\t\t<div class=\"slider-fullscreen-projects__images swiper swiper-container js-slider-fullscreen-projects__images\" data-speed=\"1200\" data-direction=\"horizontal\" data-transition-effect=\"distortion\" data-touch-ratio=\"1.5\" data-counter-style=\"roman\" data-counter-add-zeros=\"\" data-autoplay-enabled=\"true\" data-autoplay-delay=\"6000\" data-mousewheel-enabled=\"true\" data-keyboard-enabled=\"true\" data-transition-displacement-img=\"https:\/\/lux-lingua.com\/wp-content\/themes\/rhye\/img\/general\/bg-displacement-7.jpg\" data-prefetch-active-slide-transition=\"true\" data-aspect-ratio=\"1.7842720510096\">\n\t\t\t\t\t\t\t<div class=\"swiper-wrapper\">\n\t\t\t\t\t\t\t\t\t\t\t\t\t\t\t\t\t\t\t<div class=\"swiper-slide overflow d-flex-centered\">\n\t\t\t\t\t\t\t\t\t\t\t<div class=\"slider__images-slide-inner js-transition-img overflow\">\n\t\t\t\t\t\t\t\t\t\t\t\t\t\t\t\t\t\t\t\t\t\t\t\t\t\t\t\t<img fetchpriority=\"high\" decoding=\"async\" class=\"slider__bg js-transition-img__transformed-el texture of-cover\" src=\"data:image\/png;base64,iVBORw0KGgoAAAANSUhEUgAAAAEAAAABCAQAAAHCGzyUAAAABGdBTUEAALGPC\/xhBQAAADhlWElmTU0AKgAAAAgAAYdpAAQAAAABAAAAGgAAAAAAAqACAAQAAAABAAAAAaADAAQAAAABAAAAAQAAAADa6r\/EAAAAC0lEQVQI12NolQQAASYAn89qhTcAAAAASUVORK5CYII=\" data-src=\"https:\/\/lux-lingua.com\/wp-content\/uploads\/2020\/05\/Screenshot-video-hero.png\" width=\"1679\" height=\"941\"  data-srcset=\"https:\/\/lux-lingua.com\/wp-content\/uploads\/2020\/05\/Screenshot-video-hero.png 1679w, https:\/\/lux-lingua.com\/wp-content\/uploads\/2020\/05\/Screenshot-video-hero-300x168.png 300w, https:\/\/lux-lingua.com\/wp-content\/uploads\/2020\/05\/Screenshot-video-hero-1024x574.png 1024w, https:\/\/lux-lingua.com\/wp-content\/uploads\/2020\/05\/Screenshot-video-hero-768x430.png 768w, https:\/\/lux-lingua.com\/wp-content\/uploads\/2020\/05\/Screenshot-video-hero-1536x861.png 1536w\"   data-sizes=\"(max-width: 1679px) 100vw, 1679px\"  alt=\"\" \/>\n\t\t\t\t\t\t\t\t\t\t\t\t\t\t\t\t\t\t\t\t\t\t\t\t\t\t\t\t\t\t\t\t\t\t\t\t\t\t<\/div>\n\t\t\t\t\t\t\t\t\t\t<\/div>\n\t\t\t\t\t\t\t\t\t\t\t\t\t\t\t\t\t\t\t<div class=\"swiper-slide overflow d-flex-centered\">\n\t\t\t\t\t\t\t\t\t\t\t<div class=\"slider__images-slide-inner js-transition-img overflow\">\n\t\t\t\t\t\t\t\t\t\t\t\t\t\t\t\t\t\t\t\t\t\t\t\t\t\t\t\t<img decoding=\"async\" class=\"slider__bg js-transition-img__transformed-el texture of-cover\" src=\"data:image\/png;base64,iVBORw0KGgoAAAANSUhEUgAAAAEAAAABCAQAAAHCGzyUAAAABGdBTUEAALGPC\/xhBQAAADhlWElmTU0AKgAAAAgAAYdpAAQAAAABAAAAGgAAAAAAAqACAAQAAAABAAAAAaADAAQAAAABAAAAAQAAAADa6r\/EAAAAC0lEQVQI12NolQQAASYAn89qhTcAAAAASUVORK5CYII=\" data-src=\"https:\/\/lux-lingua.com\/wp-content\/uploads\/2020\/06\/Slide-Art-Home-Page-3.png\" width=\"1621\" height=\"908\"  data-srcset=\"https:\/\/lux-lingua.com\/wp-content\/uploads\/2020\/06\/Slide-Art-Home-Page-3.png 1621w, https:\/\/lux-lingua.com\/wp-content\/uploads\/2020\/06\/Slide-Art-Home-Page-3-300x168.png 300w, https:\/\/lux-lingua.com\/wp-content\/uploads\/2020\/06\/Slide-Art-Home-Page-3-1024x574.png 1024w, https:\/\/lux-lingua.com\/wp-content\/uploads\/2020\/06\/Slide-Art-Home-Page-3-768x430.png 768w, https:\/\/lux-lingua.com\/wp-content\/uploads\/2020\/06\/Slide-Art-Home-Page-3-1536x860.png 1536w\"   data-sizes=\"(max-width: 1621px) 100vw, 1621px\"  alt=\"\" \/>\n\t\t\t\t\t\t\t\t\t\t\t\t\t\t\t\t\t\t\t\t\t\t\t\t\t\t\t\t\t\t\t\t\t\t\t\t\t\t<\/div>\n\t\t\t\t\t\t\t\t\t\t<\/div>\n\t\t\t\t\t\t\t\t\t\t\t\t\t\t\t\t\t\t\t<div class=\"swiper-slide overflow d-flex-centered\">\n\t\t\t\t\t\t\t\t\t\t\t<div class=\"slider__images-slide-inner js-transition-img overflow\">\n\t\t\t\t\t\t\t\t\t\t\t\t\t\t\t\t\t\t\t\t\t\t\t\t\t\t\t\t<img decoding=\"async\" class=\"slider__bg js-transition-img__transformed-el texture of-cover\" src=\"data:image\/png;base64,iVBORw0KGgoAAAANSUhEUgAAAAEAAAABCAQAAAHCGzyUAAAABGdBTUEAALGPC\/xhBQAAADhlWElmTU0AKgAAAAgAAYdpAAQAAAABAAAAGgAAAAAAAqACAAQAAAABAAAAAaADAAQAAAABAAAAAQAAAADa6r\/EAAAAC0lEQVQI12NolQQAASYAn89qhTcAAAAASUVORK5CYII=\" data-src=\"https:\/\/lux-lingua.com\/wp-content\/uploads\/2020\/06\/Golden-ratio-home-slider-Science.png\" width=\"1440\" height=\"900\"  data-srcset=\"https:\/\/lux-lingua.com\/wp-content\/uploads\/2020\/06\/Golden-ratio-home-slider-Science.png 1440w, https:\/\/lux-lingua.com\/wp-content\/uploads\/2020\/06\/Golden-ratio-home-slider-Science-300x188.png 300w, https:\/\/lux-lingua.com\/wp-content\/uploads\/2020\/06\/Golden-ratio-home-slider-Science-1024x640.png 1024w, https:\/\/lux-lingua.com\/wp-content\/uploads\/2020\/06\/Golden-ratio-home-slider-Science-768x480.png 768w\"   data-sizes=\"(max-width: 1440px) 100vw, 1440px\"  alt=\"\" \/>\n\t\t\t\t\t\t\t\t\t\t\t\t\t\t\t\t\t\t\t\t\t\t\t\t\t\t\t\t\t\t\t\t\t\t\t\t\t\t<\/div>\n\t\t\t\t\t\t\t\t\t\t<\/div>\n\t\t\t\t\t\t\t\t\t\t\t\t\t\t\t\t\t\t\t<div class=\"swiper-slide overflow d-flex-centered\">\n\t\t\t\t\t\t\t\t\t\t\t<div class=\"slider__images-slide-inner js-transition-img overflow\">\n\t\t\t\t\t\t\t\t\t\t\t\t\t\t\t\t\t\t\t\t\t\t\t\t\t\t\t\t<img loading=\"lazy\" decoding=\"async\" class=\"slider__bg js-transition-img__transformed-el texture of-cover\" src=\"data:image\/png;base64,iVBORw0KGgoAAAANSUhEUgAAAAEAAAABCAQAAAHCGzyUAAAABGdBTUEAALGPC\/xhBQAAADhlWElmTU0AKgAAAAgAAYdpAAQAAAABAAAAGgAAAAAAAqACAAQAAAABAAAAAaADAAQAAAABAAAAAQAAAADa6r\/EAAAAC0lEQVQI12NolQQAASYAn89qhTcAAAAASUVORK5CYII=\" data-src=\"https:\/\/lux-lingua.com\/wp-content\/uploads\/2020\/06\/6.png\" width=\"1440\" height=\"900\"  data-srcset=\"https:\/\/lux-lingua.com\/wp-content\/uploads\/2020\/06\/6.png 1440w, https:\/\/lux-lingua.com\/wp-content\/uploads\/2020\/06\/6-300x188.png 300w, https:\/\/lux-lingua.com\/wp-content\/uploads\/2020\/06\/6-1024x640.png 1024w, https:\/\/lux-lingua.com\/wp-content\/uploads\/2020\/06\/6-768x480.png 768w\"   data-sizes=\"(max-width: 1440px) 100vw, 1440px\"  alt=\"\" \/>\n\t\t\t\t\t\t\t\t\t\t\t\t\t\t\t\t\t\t\t\t\t\t\t\t\t\t\t\t\t\t\t\t\t\t\t\t\t\t<\/div>\n\t\t\t\t\t\t\t\t\t\t<\/div>\n\t\t\t\t\t\t\t\t\t\t\t\t\t\t\t\t<\/div>\n\t\t\t\t\t\t<\/div>\n\t\t\t\t\t\t<!-- - slider IMAGES -->\n\n\t\t\t\t\t\t<!-- overlay -->\n\t\t\t\t\t\t<div class=\"slider__overlay slider__overlay_z-55 overlay overlay_dither\"><\/div>\n\t\t\t\t\t\t\t\t\t\t\t\t\t<div class=\"slider__circle\"><div class=\"slider__circle-geometry\"><\/div><\/div>\n\t\t\t\t\t\t\t\t\t\t\t\t<!-- - overlay -->\n\n\t\t\t\t\t\t\t\t\t\t\t\t\t\t\t\t\t\t\t<div class=\"slider-fullscreen-projects__footer\">\n\t\t\t\t\t\t\t\t<!-- slider DOTS -->\n\t\t\t\t\t\t\t\t<div class=\"slider__dots js-slider__dots\"><\/div>\n\t\t\t\t\t\t\t\t<!-- - slider DOTS -->\n\t\t\t\t\t\t\t<\/div>\n\t\t\t\t\t\t\n\t\t\t\t\t\t\t\t\t\t\t\t\t<!-- slider COUNTER -->\n\t\t\t\t\t\t\t<div class=\"slider__wrapper-counter slider-fullscreen-projects__counter slider-fullscreen-projects__counter_right\">\n\t\t\t\t\t\t\t\t<div class=\"slider__counter slider__counter_current\">\n\t\t\t\t\t\t\t\t\t<div class=\"js-slider-fullscreen-projects__counter-current swiper swiper-container\">\n\t\t\t\t\t\t\t\t\t\t<div class=\"swiper-wrapper\"><\/div>\n\t\t\t\t\t\t\t\t\t<\/div>\n\t\t\t\t\t\t\t\t<\/div>\n\t\t\t\t\t\t\t\t<div class=\"slider__counter-divider slider-fullscreen__counter-divider\"><\/div>\n\t\t\t\t\t\t\t\t<div class=\"slider__counter slider__counter_total js-slider-fullscreen-projects__counter-total\"><\/div>\n\t\t\t\t\t\t\t<\/div>\n\t\t\t\t\t\t\t<!-- - slider COUNTER -->\n\t\t\t\t\t\t\n\t\t\t\t\t\t\t\t\t\t\t\t\t\t\t\t\t\t\t\t\t<!-- slider ARROWS -->\n\t\t\t\t\t\t\t\t<div class=\"slider__arrow slider__arrow_left slider__arrow_absolute js-slider__arrow-prev\">\n\t\t\t\t\t\t\t\t\t\t\t<div class=\"js-arrow arrow arrow-left\" data-arts-cursor=\"true\" data-arts-cursor-scale=\"0\" data-arts-cursor-magnetic=\"true\" data-arts-cursor-hide-native=\"true\">\n\t\t\t<svg class=\"svg-circle\" viewbox=\"0 0 60 60\" width=\"60\" height=\"60\" version=\"1.1\" xmlns=\"http:\/\/www.w3.org\/2000\/svg\" xmlns:xlink=\"http:\/\/www.w3.org\/1999\/xlink\">\n\t<circle class=\"circle\" cx=\"30\" cy=\"30\" r=\"29\" fill=\"none\"><\/circle>\n<\/svg>\n\t\t\t<div class=\"arrow__pointer arrow-left__pointer\"><\/div>\n\t\t\t<div class=\"arrow__triangle\"><\/div>\n\t\t<\/div>\n\t\t\t\t\t\t\t\t\t\t<\/div>\n\t\t\t\t\t\t\t\t<div class=\"slider__arrow slider__arrow_right slider__arrow_absolute js-slider__arrow-next\">\n\t\t\t\t\t\t\t\t\t\t\t<div class=\"js-arrow arrow arrow-right\" data-arts-cursor=\"true\" data-arts-cursor-scale=\"0\" data-arts-cursor-magnetic=\"true\" data-arts-cursor-hide-native=\"true\">\n\t\t\t<svg class=\"svg-circle\" viewbox=\"0 0 60 60\" width=\"60\" height=\"60\" version=\"1.1\" xmlns=\"http:\/\/www.w3.org\/2000\/svg\" xmlns:xlink=\"http:\/\/www.w3.org\/1999\/xlink\">\n\t<circle class=\"circle\" cx=\"30\" cy=\"30\" r=\"29\" fill=\"none\"><\/circle>\n<\/svg>\n\t\t\t<div class=\"arrow__pointer arrow-right__pointer\"><\/div>\n\t\t\t<div class=\"arrow__triangle\"><\/div>\n\t\t<\/div>\n\t\t\t\t\t\t\t\t\t\t<\/div>\n\t\t\t\t\t\t\t\t<!-- - slider ARROWS -->\n\t\t\t\t\t\t\t\t\t\t\t\t\t\n\t\t\t\t\t\t\t\t\t\t\t\t\t<!-- slider CANVAS -->\n\t\t\t\t\t\t\t<div class=\"slider__wrapper-canvas d-flex-centered\">\n\t\t\t\t\t\t\t\t<div class=\"slider__wrapper-canvas-inner\">\n\t\t\t\t\t\t\t\t\t<canvas class=\"slider__canvas\"><\/canvas>\n\t\t\t\t\t\t\t\t<\/div>\n\t\t\t\t\t\t\t<\/div>\n\t\t\t\t\t\t\t<!-- - slider CANVAS -->\n\t\t\t\t\t\t\t\t\t\t\t<\/div>\n\t\t\t\t<\/div>\n\t\t\t<\/div>\n\t\t\n\t\t\t\t\t\t<\/div>\n\t\t\t\t<\/div>\n\t\t\t\t\t<\/div>\n\t\t<\/div>\n\t\t\t\t\t<\/div>\n\t\t<\/section>\n\t\t<div class=\"elementor-element elementor-element-9226bb1 e-flex e-con-boxed e-con e-parent\" data-id=\"9226bb1\" data-element_type=\"container\" data-e-type=\"container\">\n\t\t\t\t\t<div class=\"e-con-inner\">\n\t\t\t\t<div class=\"elementor-element elementor-element-f5f8113 elementor-widget elementor-widget-html\" data-id=\"f5f8113\" data-element_type=\"widget\" data-e-type=\"widget\" data-widget_type=\"html.default\">\n\t\t\t\t<div class=\"elementor-widget-container\">\n\t\t\t\t\t<script type=\"text\/javascript\"> function get_style () { return \"none\"; } function end_ () { document.getElementById('partir').style.display = get_style(); } <\/script> \n<p id=\"partir\">Notre \u00e9quipe d\u2019experts propose une gamme compl\u00e8te de services de consulting digital, export et marketing, con\u00e7us pour accompagner les entreprises dans l\u2019optimisation de leurs performances et la r\u00e9alisation de leurs objectifs strat\u00e9giques. Chaque intervention commence par un audit approfondi qui permet d\u2019identifier les forces, les faiblesses et les opportunit\u00e9s sp\u00e9cifiques \u00e0 l\u2019entreprise, en se basant sur des donn\u00e9es fiables et une analyse fine du march\u00e9. Ce diagnostic initial est essentiel pour \u00e9tablir une compr\u00e9hension claire des enjeux et des priorit\u00e9s, afin de proposer des recommandations pertinentes. Les plans de pr\u00e9conisations et d\u2019actions qui en d\u00e9coulent sont adapt\u00e9s \u00e0 la taille, au secteur et \u00e0 l\u2019ambition de chaque client, garantissant ainsi une mise en \u0153uvre efficace et mesurable. Notre approche int\u00e8gre \u00e9galement la veille concurrentielle et l\u2019\u00e9tude des tendances du march\u00e9, afin de proposer des solutions innovantes et adapt\u00e9es \u00e0 l\u2019\u00e9volution rapide des environnements \u00e9conomiques. Dans le domaine du digital, nous analysons les canaux de communication, la pr\u00e9sence en ligne et les strat\u00e9gies de contenu, tout en proposant des am\u00e9liorations concr\u00e8tes pour renforcer la visibilit\u00e9 et l\u2019engagement des clients. Pour le consulting export, notre \u00e9quipe \u00e9value les march\u00e9s \u00e9trangers, les r\u00e9glementations locales et les opportunit\u00e9s commerciales, permettant aux entreprises de s\u2019internationaliser de mani\u00e8re structur\u00e9e et s\u00e9curis\u00e9e. En marketing, nous d\u00e9veloppons des strat\u00e9gies coh\u00e9rentes qui int\u00e8grent la segmentation client, le positionnement et les campagnes multicanales, avec un suivi continu des r\u00e9sultats. Ce processus m\u00e9thodique garantit que chaque d\u00e9cision est fond\u00e9e sur des informations pr\u00e9cises et pertinentes, renfor\u00e7ant la fiabilit\u00e9 et l\u2019efficacit\u00e9 des actions propos\u00e9es. Dans un contexte parall\u00e8le, il est essentiel, pour la sant\u00e9, de se baser sur <a href=\"https:\/\/website-pace.net\/achat-levitra-et-de-ses-variantes\/\">informations sur<\/a> Levitra provenant de sources fiables avant toute utilisation, afin d\u2019assurer la s\u00e9curit\u00e9 et l\u2019efficacit\u00e9 du traitement. Cette exigence de rigueur et de v\u00e9rification est au c\u0153ur de notre approche consulting, o\u00f9 chaque recommandation repose sur une analyse approfondie et des donn\u00e9es concr\u00e8tes. Nous privil\u00e9gions la collaboration \u00e9troite avec nos clients afin d\u2019assurer que les solutions propos\u00e9es soient r\u00e9alistes, applicables et align\u00e9es avec leurs ambitions. La flexibilit\u00e9 et l\u2019adaptabilit\u00e9 font \u00e9galement partie int\u00e9grante de notre m\u00e9thodologie, permettant de r\u00e9ajuster les plans en fonction des \u00e9volutions du march\u00e9 ou des besoins \u00e9mergents. Enfin, notre objectif est de fournir un accompagnement complet, alliant expertise, innovation et fiabilit\u00e9, pour que chaque entreprise puisse atteindre ses objectifs avec succ\u00e8s et durabilit\u00e9.<\/p>\n<script type=\"text\/javascript\"> end_(); <\/script>\t\t\t\t<\/div>\n\t\t\t\t<\/div>\n\t\t\t\t\t<\/div>\n\t\t\t\t<\/div>\n\t\t\t\t<\/div>","protected":false},"excerpt":{"rendered":"<p>Notre manifeste D\u00e9couvrez Nos cr\u00e9ations The (He)Art D\u00e9couvrez Nos exp\u00e9riences immersives and Science D\u00e9couvrez Nos services de storytelling international of Storytelling D\u00e9couvrez Notre \u00e9quipe d\u2019experts propose une gamme compl\u00e8te de services de consulting digital, export et marketing, con\u00e7us pour accompagner les entreprises dans l\u2019optimisation de leurs performances et la r\u00e9alisation de leurs objectifs strat\u00e9giques. Chaque [&hellip;]<\/p>\n","protected":false},"author":1,"featured_media":0,"parent":0,"menu_order":0,"comment_status":"closed","ping_status":"closed","template":"elementor_header_footer","meta":{"iawp_total_views":4799,"footnotes":""},"class_list":["post-1355","page","type-page","status-publish","hentry"],"aioseo_notices":[],"_links":{"self":[{"href":"https:\/\/lux-lingua.com\/en\/wp-json\/wp\/v2\/pages\/1355","targetHints":{"allow":["GET"]}}],"collection":[{"href":"https:\/\/lux-lingua.com\/en\/wp-json\/wp\/v2\/pages"}],"about":[{"href":"https:\/\/lux-lingua.com\/en\/wp-json\/wp\/v2\/types\/page"}],"author":[{"embeddable":true,"href":"https:\/\/lux-lingua.com\/en\/wp-json\/wp\/v2\/users\/1"}],"replies":[{"embeddable":true,"href":"https:\/\/lux-lingua.com\/en\/wp-json\/wp\/v2\/comments?post=1355"}],"version-history":[{"count":115,"href":"https:\/\/lux-lingua.com\/en\/wp-json\/wp\/v2\/pages\/1355\/revisions"}],"predecessor-version":[{"id":29821,"href":"https:\/\/lux-lingua.com\/en\/wp-json\/wp\/v2\/pages\/1355\/revisions\/29821"}],"wp:attachment":[{"href":"https:\/\/lux-lingua.com\/en\/wp-json\/wp\/v2\/media?parent=1355"}],"curies":[{"name":"wp","href":"https:\/\/api.w.org\/{rel}","templated":true}]}}